{"id":434,"date":"2016-08-21T21:15:41","date_gmt":"2016-08-21T19:15:41","guid":{"rendered":"http:\/\/eliesenhof.de\/wordpress\/?page_id=434"},"modified":"2025-11-18T06:31:34","modified_gmt":"2025-11-18T05:31:34","slug":"eh-sweet-little-witch","status":"publish","type":"page","link":"https:\/\/eliesenhof.de\/?page_id=434","title":{"rendered":"EH SWEET LITTLEWITCH"},"content":{"rendered":"<p><a href=\"https:\/\/www.allbreedpedigree.com\/eh+sweet+littlewitch\">Pedigree <\/a>hier<\/p>\n<p><b>EH SWEET LITTLEWITCH <\/b> ist eine erfolgreiche leichtrittige Stute. Ihre St\u00e4rken liegen in der Reining, Ranch Rail und Ranch Riding. Sie wurde bei der VWB, DQHA und AQHA erfolgreich vorgestellt. Witch hat mehrere Allround-Titel und war in den Ranch-Klassen sowie Reining stets unter den besten 5.<\/p>\n<p>Sie ist eine wundersch\u00f6ne, sehr typstarke Quarter-Horse Stute in Grey Palomino mit einem tollen Geb\u00e4ude und hervorragenden G\u00e4ngen. Witch vererbt ein sehr gutes Fundament mit geraden Beinen sowie Nervenst\u00e4rke. In der Stutenschau hat sie ein ausgezeichnetes Ergebnis von 86,72 %. Sie wurde damit Reservechampion der Stutenschauen deutschlandweit. Sie ist 5 Panel n\/n.<\/p>\n<p>Erfolge 2025:<\/p>\n<p>Landesmeisterschaft Bayern NRHA<br \/>\n1\ufe0f\u20e3 Rookie National \u2013 4. Platz | Score 141<br \/>\n2\ufe0f\u20e3 Green Reiner National \u2013 1. Platz | Score 141<br \/>\n3\ufe0f\u20e3 Landesmeisterschaft Rookie \u2013 Reserve Champion | Score 141,5<br \/>\n4\ufe0f\u20e3 Landesmeisterschaft \u2013 Reserve Champion | Score 141,5<\/p>\n<p><a href=\"https:\/\/eliesenhof.de\/wp-content\/uploads\/2025\/11\/Steffi-2.pdf\"><img loading=\"lazy\" decoding=\"async\" class=\"alignleft size-full wp-image-2367\" src=\"https:\/\/eliesenhof.de\/wp-content\/uploads\/2025\/11\/Steffi-2.jpg\" alt=\"\" width=\"1600\" height=\"1068\" srcset=\"https:\/\/eliesenhof.de\/wp-content\/uploads\/2025\/11\/Steffi-2.jpg 1600w, https:\/\/eliesenhof.de\/wp-content\/uploads\/2025\/11\/Steffi-2-300x200.jpg 300w, https:\/\/eliesenhof.de\/wp-content\/uploads\/2025\/11\/Steffi-2-1024x684.jpg 1024w, https:\/\/eliesenhof.de\/wp-content\/uploads\/2025\/11\/Steffi-2-768x513.jpg 768w, https:\/\/eliesenhof.de\/wp-content\/uploads\/2025\/11\/Steffi-2-1536x1025.jpg 1536w\" sizes=\"auto, (max-width: 1600px) 100vw, 1600px\" \/> <img loading=\"lazy\" decoding=\"async\" class=\"alignleft size-full wp-image-2368\" src=\"https:\/\/eliesenhof.de\/wp-content\/uploads\/2025\/11\/Steffi-1.jpg\" alt=\"\" width=\"1600\" height=\"1068\" srcset=\"https:\/\/eliesenhof.de\/wp-content\/uploads\/2025\/11\/Steffi-1.jpg 1600w, https:\/\/eliesenhof.de\/wp-content\/uploads\/2025\/11\/Steffi-1-300x200.jpg 300w, https:\/\/eliesenhof.de\/wp-content\/uploads\/2025\/11\/Steffi-1-1024x684.jpg 1024w, https:\/\/eliesenhof.de\/wp-content\/uploads\/2025\/11\/Steffi-1-768x513.jpg 768w, https:\/\/eliesenhof.de\/wp-content\/uploads\/2025\/11\/Steffi-1-1536x1025.jpg 1536w\" sizes=\"auto, (max-width: 1600px) 100vw, 1600px\" \/><\/a><a href=\"https:\/\/www.dropbox.com\/scl\/fi\/eaznfjbcbz8v1b0nmp95g\/878-Landesmeister-Bayern-Rookie-NRHA-Bayern-The-Bavarian-Slide-2025.mp4?rlkey=bhciyzb5lsqfq7jpoj0rxiesm&amp;e=1&amp;st=rc9udgpw&amp;dl=0\">https:\/\/www.dropbox.com\/scl\/fi\/eaznfjbcbz8v1b0nmp95g\/878-<\/a><a href=\"https:\/\/www.dropbox.com\/scl\/fi\/eaznfjbcbz8v1b0nmp95g\/878-Landesmeister-Bayern-Rookie-NRHA-Bayern-The-Bavarian-Slide-2025.mp4?rlkey=bhciyzb5lsqfq7jpoj0rxiesm&amp;e=1&amp;st=rc9udgpw&amp;dl=0\">Landesmeister-Bayern-Rookie-NRHA-Bayern-The-Bavarian-Slide-2025.mp4?rlkey=bhciyzb5lsqfq7jpoj0rxiesm&amp;e=1&amp;st=rc9udgpw&amp;dl=0\u00a0<\/a><\/p>\n<p>&nbsp;<\/p>\n<p><a href=\"https:\/\/eliesenhof.de\/wp-content\/uploads\/2024\/09\/IMG_0309-scaled.jpg\"><img loading=\"lazy\" decoding=\"async\" class=\"size-medium wp-image-2270 aligncenter\" src=\"https:\/\/eliesenhof.de\/wp-content\/uploads\/2024\/09\/IMG_0309-300x201.jpg\" alt=\"\" width=\"300\" height=\"201\" srcset=\"https:\/\/eliesenhof.de\/wp-content\/uploads\/2024\/09\/IMG_0309-300x201.jpg 300w, https:\/\/eliesenhof.de\/wp-content\/uploads\/2024\/09\/IMG_0309-1024x685.jpg 1024w, https:\/\/eliesenhof.de\/wp-content\/uploads\/2024\/09\/IMG_0309-768x514.jpg 768w, https:\/\/eliesenhof.de\/wp-content\/uploads\/2024\/09\/IMG_0309-1536x1027.jpg 1536w, https:\/\/eliesenhof.de\/wp-content\/uploads\/2024\/09\/IMG_0309-2048x1370.jpg 2048w\" sizes=\"auto, (max-width: 300px) 100vw, 300px\" \/><\/a><\/p>\n<div class=\"wp-playlist wp-video-playlist wp-playlist-light\">\n\t\t<video controls=\"controls\" preload=\"none\" width=\"452\"\n\t\t height=\"799\"\t><\/video>\n\t<div class=\"wp-playlist-next\"><\/div>\n\t<div class=\"wp-playlist-prev\"><\/div>\n\t<noscript>\n\t<ol>\n\t\t<li><a href='https:\/\/eliesenhof.de\/wp-content\/uploads\/2025\/05\/WhatsApp-Video-2025-05-26-at-09.39.43-1.mp4'>WhatsApp Video 2025-05-26 at 09.39.43<\/a><\/li><li><a href='https:\/\/eliesenhof.de\/wp-content\/uploads\/2025\/05\/WhatsApp-Video-2025-05-26-at-09.52.14.mp4'>WhatsApp Video 2025-05-26 at 09.52.14<\/a><\/li>\t<\/ol>\n\t<\/noscript>\n\t<script type=\"application\/json\" class=\"wp-playlist-script\">{\"type\":\"video\",\"tracklist\":true,\"tracknumbers\":true,\"images\":true,\"artists\":true,\"tracks\":[{\"src\":\"https:\/\/eliesenhof.de\/wp-content\/uploads\/2025\/05\/WhatsApp-Video-2025-05-26-at-09.39.43-1.mp4\",\"type\":\"video\/mp4\",\"title\":\"WhatsApp Video 2025-05-26 at 09.39.43\",\"caption\":\"\",\"description\":\"\",\"meta\":{\"length_formatted\":\"1:01\"},\"dimensions\":{\"original\":{\"width\":848,\"height\":480},\"resized\":{\"width\":452,\"height\":256}},\"image\":{\"src\":\"https:\/\/eliesenhof.de\/wp-includes\/images\/media\/video.svg\",\"width\":48,\"height\":64},\"thumb\":{\"src\":\"https:\/\/eliesenhof.de\/wp-includes\/images\/media\/video.svg\",\"width\":48,\"height\":64}},{\"src\":\"https:\/\/eliesenhof.de\/wp-content\/uploads\/2025\/05\/WhatsApp-Video-2025-05-26-at-09.52.14.mp4\",\"type\":\"video\/mp4\",\"title\":\"WhatsApp Video 2025-05-26 at 09.52.14\",\"caption\":\"\",\"description\":\"\",\"meta\":{\"length_formatted\":\"0:45\"},\"dimensions\":{\"original\":{\"width\":480,\"height\":848},\"resized\":{\"width\":452,\"height\":799}},\"image\":{\"src\":\"https:\/\/eliesenhof.de\/wp-includes\/images\/media\/video.svg\",\"width\":48,\"height\":64},\"thumb\":{\"src\":\"https:\/\/eliesenhof.de\/wp-includes\/images\/media\/video.svg\",\"width\":48,\"height\":64}}]}<\/script>\n<\/div>\n\t\n<p>&nbsp;<\/p>\n<p>Nachkommen aus 2022:<\/p>\n<figure id=\"attachment_1992\" aria-describedby=\"caption-attachment-1992\" style=\"width: 200px\" class=\"wp-caption aligncenter\"><a href=\"https:\/\/eliesenhof.de\/wp-content\/uploads\/2022\/06\/7FC6C97A-077B-40C3-BD89-156889C0377B.jpeg\"><img loading=\"lazy\" decoding=\"async\" class=\"wp-image-1992 size-medium\" src=\"https:\/\/eliesenhof.de\/wp-content\/uploads\/2022\/06\/7FC6C97A-077B-40C3-BD89-156889C0377B-200x300.jpeg\" alt=\"\" width=\"200\" height=\"300\" srcset=\"https:\/\/eliesenhof.de\/wp-content\/uploads\/2022\/06\/7FC6C97A-077B-40C3-BD89-156889C0377B-200x300.jpeg 200w, https:\/\/eliesenhof.de\/wp-content\/uploads\/2022\/06\/7FC6C97A-077B-40C3-BD89-156889C0377B-682x1024.jpeg 682w, https:\/\/eliesenhof.de\/wp-content\/uploads\/2022\/06\/7FC6C97A-077B-40C3-BD89-156889C0377B-768x1153.jpeg 768w, https:\/\/eliesenhof.de\/wp-content\/uploads\/2022\/06\/7FC6C97A-077B-40C3-BD89-156889C0377B-1023x1536.jpeg 1023w, https:\/\/eliesenhof.de\/wp-content\/uploads\/2022\/06\/7FC6C97A-077B-40C3-BD89-156889C0377B.jpeg 1364w\" sizes=\"auto, (max-width: 200px) 100vw, 200px\" \/><\/a><figcaption id=\"caption-attachment-1992\" class=\"wp-caption-text\">EH LIKEPEPPS EINSTEIN<\/figcaption><\/figure>\n","protected":false},"excerpt":{"rendered":"<p>Pedigree hier EH SWEET LITTLEWITCH ist eine erfolgreiche leichtrittige Stute. Ihre St\u00e4rken liegen in der Reining, Ranch Rail und Ranch Riding. Sie wurde bei der VWB, DQHA und AQHA erfolgreich vorgestellt. Witch hat mehrere Allround-Titel und war in den Ranch-Klassen sowie Reining stets unter den besten 5. Sie ist eine wundersch\u00f6ne, sehr typstarke Quarter-Horse Stute &hellip; <a href=\"https:\/\/eliesenhof.de\/?page_id=434\" class=\"more-link\"><span class=\"screen-reader-text\">EH SWEET LITTLEWITCH<\/span> weiterlesen <span class=\"meta-nav\">&rarr;<\/span><\/a><\/p>\n","protected":false},"author":3,"featured_media":0,"parent":0,"menu_order":0,"comment_status":"closed","ping_status":"closed","template":"","meta":{"footnotes":""},"class_list":["post-434","page","type-page","status-publish","hentry"],"_links":{"self":[{"href":"https:\/\/eliesenhof.de\/index.php?rest_route=\/wp\/v2\/pages\/434","targetHints":{"allow":["GET"]}}],"collection":[{"href":"https:\/\/eliesenhof.de\/index.php?rest_route=\/wp\/v2\/pages"}],"about":[{"href":"https:\/\/eliesenhof.de\/index.php?rest_route=\/wp\/v2\/types\/page"}],"author":[{"embeddable":true,"href":"https:\/\/eliesenhof.de\/index.php?rest_route=\/wp\/v2\/users\/3"}],"replies":[{"embeddable":true,"href":"https:\/\/eliesenhof.de\/index.php?rest_route=%2Fwp%2Fv2%2Fcomments&post=434"}],"version-history":[{"count":21,"href":"https:\/\/eliesenhof.de\/index.php?rest_route=\/wp\/v2\/pages\/434\/revisions"}],"predecessor-version":[{"id":2370,"href":"https:\/\/eliesenhof.de\/index.php?rest_route=\/wp\/v2\/pages\/434\/revisions\/2370"}],"wp:attachment":[{"href":"https:\/\/eliesenhof.de\/index.php?rest_route=%2Fwp%2Fv2%2Fmedia&parent=434"}],"curies":[{"name":"wp","href":"https:\/\/api.w.org\/{rel}","templated":true}]}}