{"id":239,"date":"2016-08-20T21:07:04","date_gmt":"2016-08-20T21:07:04","guid":{"rendered":"http:\/\/eliesenhof.de\/wordpress\/?page_id=239"},"modified":"2020-06-28T00:35:35","modified_gmt":"2020-06-27T22:35:35","slug":"videos","status":"publish","type":"page","link":"https:\/\/eliesenhof.de\/?page_id=239","title":{"rendered":"Videos"},"content":{"rendered":"<p>Hier pr\u00e4sentieren wir Videos \u00fcber den Eliesenhof. Videos \u00fcber unseren Deckhengst findet man direkt auf seiner Seite.<\/p>\n<p><strong>EH ONE OF LENA FINEST:<\/strong><\/p>\n<div style=\"width: 474px;\" class=\"wp-video\"><video class=\"wp-video-shortcode\" id=\"video-239-1\" width=\"474\" height=\"268\" preload=\"metadata\" controls=\"controls\"><source type=\"video\/mp4\" src=\"https:\/\/eliesenhof.de\/wp-content\/uploads\/2019\/10\/WhatsApp-Video-2019-10-11-at-14.59.06.mp4?_=1\" \/><a href=\"https:\/\/eliesenhof.de\/wp-content\/uploads\/2019\/10\/WhatsApp-Video-2019-10-11-at-14.59.06.mp4\">https:\/\/eliesenhof.de\/wp-content\/uploads\/2019\/10\/WhatsApp-Video-2019-10-11-at-14.59.06.mp4<\/a><\/video><\/div>\n<div style=\"width: 474px;\" class=\"wp-video\"><video class=\"wp-video-shortcode\" id=\"video-239-2\" width=\"474\" height=\"268\" preload=\"metadata\" controls=\"controls\"><source type=\"video\/mp4\" src=\"https:\/\/eliesenhof.de\/wp-content\/uploads\/2019\/05\/a8d03886-b97a-4809-9f02-0e67572945e1.mp4?_=2\" \/><a href=\"https:\/\/eliesenhof.de\/wp-content\/uploads\/2019\/05\/a8d03886-b97a-4809-9f02-0e67572945e1.mp4\">https:\/\/eliesenhof.de\/wp-content\/uploads\/2019\/05\/a8d03886-b97a-4809-9f02-0e67572945e1.mp4<\/a><\/video><\/div>\n<p>&nbsp;<\/p>\n<p><strong>Ein schw\u00e4bisches Cowgirl:<\/strong><\/p>\n<div style=\"width: 474px;\" class=\"wp-video\"><video class=\"wp-video-shortcode\" id=\"video-239-3\" width=\"474\" height=\"269\" preload=\"metadata\" controls=\"controls\"><source type=\"video\/mp4\" src=\"https:\/\/eliesenhof.de\/wp-content\/uploads\/2016\/08\/657672.m.mp4?_=3\" \/><a href=\"https:\/\/eliesenhof.de\/wp-content\/uploads\/2016\/08\/657672.m.mp4\">https:\/\/eliesenhof.de\/wp-content\/uploads\/2016\/08\/657672.m.mp4<\/a><\/video><\/div>\n<p><strong>Wildes Cowgirl in Hechingen<\/strong><\/p>\n<div style=\"width: 474px;\" class=\"wp-video\"><video class=\"wp-video-shortcode\" id=\"video-239-4\" width=\"474\" height=\"269\" preload=\"metadata\" controls=\"controls\"><source type=\"video\/mp4\" src=\"https:\/\/eliesenhof.de\/wp-content\/uploads\/2016\/08\/20120710-swr3.mp4?_=4\" \/><a href=\"https:\/\/eliesenhof.de\/wp-content\/uploads\/2016\/08\/20120710-swr3.mp4\">https:\/\/eliesenhof.de\/wp-content\/uploads\/2016\/08\/20120710-swr3.mp4<\/a><\/video><\/div>\n<p><strong>Eliesenhof Impressionen<\/strong><\/p>\n<div style=\"width: 352px;\" class=\"wp-video\"><video class=\"wp-video-shortcode\" id=\"video-239-5\" width=\"352\" height=\"288\" poster=\"https:\/\/eliesenhof.de\/wordpress\/wp-content\/uploads\/2016\/08\/eliesenhof_x264-mp4-image.png\" preload=\"metadata\" controls=\"controls\"><source type=\"video\/mp4\" src=\"https:\/\/eliesenhof.de\/wp-content\/uploads\/2016\/08\/eliesenhof_x264.mp4?_=5\" \/><a href=\"https:\/\/eliesenhof.de\/wp-content\/uploads\/2016\/08\/eliesenhof_x264.mp4\">https:\/\/eliesenhof.de\/wp-content\/uploads\/2016\/08\/eliesenhof_x264.mp4<\/a><\/video><\/div>\n<p><strong>Regio TV &#8222;Das Journal&#8220; 20.07.2007<\/strong><\/p>\n<div style=\"width: 474px;\" class=\"wp-video\"><video class=\"wp-video-shortcode\" id=\"video-239-6\" width=\"474\" height=\"356\" poster=\"https:\/\/eliesenhof.de\/wordpress\/wp-content\/uploads\/2016\/08\/regiotv_high_x264-mp4-image.png\" preload=\"metadata\" controls=\"controls\"><source type=\"video\/mp4\" src=\"https:\/\/eliesenhof.de\/wp-content\/uploads\/2016\/08\/regiotv_high_x264.mp4?_=6\" \/><source type=\"video\/x-flv\" src=\"https:\/\/eliesenhof.de\/wp-content\/uploads\/2016\/08\/regiotv_high.flv?_=6\" \/><a href=\"https:\/\/eliesenhof.de\/wp-content\/uploads\/2016\/08\/regiotv_high_x264.mp4\">https:\/\/eliesenhof.de\/wp-content\/uploads\/2016\/08\/regiotv_high_x264.mp4<\/a><\/video><\/div>\n<p><strong>Eliesenhof Open 2007<\/strong><\/p>\n<div style=\"width: 352px;\" class=\"wp-video\"><video class=\"wp-video-shortcode\" id=\"video-239-7\" width=\"352\" height=\"288\" poster=\"https:\/\/eliesenhof.de\/wordpress\/wp-content\/uploads\/2016\/08\/eliesenhof_x264-mp4-image.png\" preload=\"metadata\" controls=\"controls\"><source type=\"video\/mp4\" src=\"https:\/\/eliesenhof.de\/wp-content\/uploads\/2016\/08\/open2007_high_x264.mp4?_=7\" \/><source type=\"video\/x-flv\" src=\"https:\/\/eliesenhof.de\/wp-content\/uploads\/2016\/08\/open2007_high1.flv?_=7\" \/><a href=\"https:\/\/eliesenhof.de\/wp-content\/uploads\/2016\/08\/open2007_high_x264.mp4\">https:\/\/eliesenhof.de\/wp-content\/uploads\/2016\/08\/open2007_high_x264.mp4<\/a><\/video><\/div>\n<p><strong>Sponsor Cooline<\/strong><\/p>\n<div style=\"width: 352px;\" class=\"wp-video\"><video class=\"wp-video-shortcode\" id=\"video-239-8\" width=\"352\" height=\"288\" poster=\"https:\/\/eliesenhof.de\/wordpress\/wp-content\/uploads\/2016\/08\/cooline_x264-mp4-image.png\" preload=\"metadata\" controls=\"controls\"><source type=\"video\/mp4\" src=\"https:\/\/eliesenhof.de\/wp-content\/uploads\/2016\/08\/cooline_x264.mp4?_=8\" \/><source type=\"video\/x-flv\" src=\"https:\/\/eliesenhof.de\/wp-content\/uploads\/2016\/08\/cooline.flv?_=8\" \/><a href=\"https:\/\/eliesenhof.de\/wp-content\/uploads\/2016\/08\/cooline_x264.mp4\">https:\/\/eliesenhof.de\/wp-content\/uploads\/2016\/08\/cooline_x264.mp4<\/a><\/video><\/div>\n","protected":false},"excerpt":{"rendered":"<p>Hier pr\u00e4sentieren wir Videos \u00fcber den Eliesenhof. Videos \u00fcber unseren Deckhengst findet man direkt auf seiner Seite. EH ONE OF LENA FINEST: &nbsp; Ein schw\u00e4bisches Cowgirl: Wildes Cowgirl in Hechingen Eliesenhof Impressionen Regio TV &#8222;Das Journal&#8220; 20.07.2007 Eliesenhof Open 2007 Sponsor Cooline<\/p>\n","protected":false},"author":3,"featured_media":0,"parent":0,"menu_order":0,"comment_status":"closed","ping_status":"closed","template":"","meta":{"footnotes":""},"class_list":["post-239","page","type-page","status-publish","hentry"],"_links":{"self":[{"href":"https:\/\/eliesenhof.de\/index.php?rest_route=\/wp\/v2\/pages\/239","targetHints":{"allow":["GET"]}}],"collection":[{"href":"https:\/\/eliesenhof.de\/index.php?rest_route=\/wp\/v2\/pages"}],"about":[{"href":"https:\/\/eliesenhof.de\/index.php?rest_route=\/wp\/v2\/types\/page"}],"author":[{"embeddable":true,"href":"https:\/\/eliesenhof.de\/index.php?rest_route=\/wp\/v2\/users\/3"}],"replies":[{"embeddable":true,"href":"https:\/\/eliesenhof.de\/index.php?rest_route=%2Fwp%2Fv2%2Fcomments&post=239"}],"version-history":[{"count":19,"href":"https:\/\/eliesenhof.de\/index.php?rest_route=\/wp\/v2\/pages\/239\/revisions"}],"predecessor-version":[{"id":1711,"href":"https:\/\/eliesenhof.de\/index.php?rest_route=\/wp\/v2\/pages\/239\/revisions\/1711"}],"wp:attachment":[{"href":"https:\/\/eliesenhof.de\/index.php?rest_route=%2Fwp%2Fv2%2Fmedia&parent=239"}],"curies":[{"name":"wp","href":"https:\/\/api.w.org\/{rel}","templated":true}]}}